{"id":1845,"date":"2025-05-04T17:48:13","date_gmt":"2025-05-04T15:48:13","guid":{"rendered":"https:\/\/mercatomastergame.com\/terms-and-conditions-of-use\/"},"modified":"2025-08-16T02:24:41","modified_gmt":"2025-08-16T00:24:41","slug":"terms-and-conditions-of-use","status":"publish","type":"page","link":"https:\/\/mercatomastergame.com\/en\/terms-and-conditions-of-use\/","title":{"rendered":"Terms and Conditions of Use"},"content":{"rendered":"\t\t<div data-elementor-type=\"wp-page\" data-elementor-id=\"1845\" class=\"elementor elementor-1845 elementor-87\" data-elementor-post-type=\"page\">\n\t\t\t\t<div class=\"elementor-element elementor-element-2db1cb2 e-flex e-con-boxed e-con e-parent\" data-id=\"2db1cb2\" data-element_type=\"container\" data-e-type=\"container\" data-settings=\"{&quot;background_background&quot;:&quot;classic&quot;,&quot;jet_parallax_layout_list&quot;:[]}\">\n\t\t\t\t\t<div class=\"e-con-inner\">\n\t\t\t\t<div class=\"elementor-element elementor-element-1d5e0d6 elementor-widget elementor-widget-heading\" data-id=\"1d5e0d6\" data-element_type=\"widget\" data-e-type=\"widget\" data-widget_type=\"heading.default\">\n\t\t\t\t<div class=\"elementor-widget-container\">\n\t\t\t\t\t<h1 class=\"elementor-heading-title elementor-size-default\">TERMS AND CONDITIONS OF USE<\/h1>\t\t\t\t<\/div>\n\t\t\t\t<\/div>\n\t\t\t\t<div class=\"elementor-element elementor-element-aeed313 elementor-widget-divider--view-line elementor-widget elementor-widget-divider\" data-id=\"aeed313\" data-element_type=\"widget\" data-e-type=\"widget\" data-widget_type=\"divider.default\">\n\t\t\t\t<div class=\"elementor-widget-container\">\n\t\t\t\t\t\t\t<div class=\"elementor-divider\">\n\t\t\t<span class=\"elementor-divider-separator\">\n\t\t\t\t\t\t<\/span>\n\t\t<\/div>\n\t\t\t\t\t\t<\/div>\n\t\t\t\t<\/div>\n\t\t\t\t\t<\/div>\n\t\t\t\t<\/div>\n\t\t<div class=\"elementor-element elementor-element-898166d e-flex e-con-boxed e-con e-parent\" data-id=\"898166d\" data-element_type=\"container\" data-e-type=\"container\" data-settings=\"{&quot;jet_parallax_layout_list&quot;:[]}\">\n\t\t\t\t\t<div class=\"e-con-inner\">\n\t\t<div class=\"elementor-element elementor-element-472eee1 e-con-full e-flex e-con e-child\" data-id=\"472eee1\" data-element_type=\"container\" data-e-type=\"container\" data-settings=\"{&quot;jet_parallax_layout_list&quot;:[]}\">\n\t\t\t\t<div class=\"elementor-element elementor-element-6564778 elementor-widget elementor-widget-text-editor\" data-id=\"6564778\" data-element_type=\"widget\" data-e-type=\"widget\" data-widget_type=\"text-editor.default\">\n\t\t\t\t<div class=\"elementor-widget-container\">\n\t\t\t\t\t\t\t\t\t<div class=\"conditions-utilisation\">\n\n  <h2>1. Website Overview<\/h2>\n  <p>\n The website <strong>mercatomastergame.com<\/strong> is published by the company Que des Bonnes Vibes, a simplified joint-stock company (SAS) with a share capital of \u20ac2,000, registered with the Trade and Companies Register of Pontoise under number 879 035 046, with its registered office at 4 Chemin des Cygnes, 95800 Courdimanche, France.\n\nThe publication director is Francis Molasoko, in his capacity as President.\n<br>The site is hosted by: o2switch \u2013 222 Boulevard Gustave Flaubert, 63000 Clermont-Ferrand, France.\n  <\/p>\n\n  <h2>2. Acceptance of the Terms of Use<\/h2>\n  <p>\n Access to and use of the <strong>mercatomastergame.com<\/strong> website are subject to the acceptance and compliance with these Terms of Use. By accessing the site, the user acknowledges having read and unconditionally accepted these terms. \n  <\/p>\n\n  <h2>3. Site Access<\/h2>\n  <p>\n The site is accessible 24\/7, except in cases of force majeure or events beyond the control of Que des Bonnes Vibes, and subject to technical interruptions required for site maintenance.\n  <\/p>\n\n  <h2>4. Intellectual Property<\/h2>\n  <p>\n All elements of the site, whether visual, textual, or audio, including the underlying technology, are the exclusive property of Que des Bonnes Vibes or its partners.\n    <br><br> Any reproduction, representation, modification, or adaptation, whether in whole or in part, without prior written consent from Que des Bonnes Vibes is prohibited.\n  <\/p>\n\n  <h2>5. Liability<\/h2>\n  <p>\n Que des Bonnes Vibes strives to provide accurate and up-to-date information. However, errors may occur. The user makes use of the published information at their own risk.  \n  <\/p>\n\n  <h2>6. Personal Data<\/h2>\n  <p>\n In accordance with the amended French Data Protection Act of January 6, 1978, and the General Data Protection Regulation (GDPR), the user has the right to access, rectify, delete, and object to the processing of their personal data.\n\nTo exercise these rights, the user may contact Que des Bonnes Vibes at the following address:<br><a href=\"mailto:contact@mercatomastergame.com\">contact@mercatomastergame.com<\/a>.\n  <\/p>\n\n  <h2>7. Cookies<\/h2>\n  <p>\n The website uses cookies to improve the user experience, measure traffic, and personalize content. The user can configure their browser to refuse cookies. Some features of the site may then be limited.  \n  <\/p>\n\n  <h2>8. Changes to the Terms of Use<\/h2>\n  <p>\n Que des Bonnes Vibes reserves the right to modify these Terms of Use at any time. The new terms will be published on the website. By continuing to browse the site, the user accepts the changes made.  \n  <\/p>\n\n  <h2>9. Applicable Law and Jurisdiction<\/h2>\n  <p>\n These Terms of Use are governed by French law. In the event of a dispute, jurisdiction is assigned to the courts in the district of Que des Bonnes Vibes&#8217; registered office, unless otherwise required by law. \n  <\/p>\n\n  <h2>10. Contact<\/h2>\n  <p>\n For any questions regarding these Terms of Use, you can contact us at:<br>\ud83d\udce7 <a href=\"mailto:contact@mercatomastergame.com\">contact@mercatomastergame.com<\/a><br>\ud83d\udccd 4 Chemin des Cygnes, 95800 Courdimanche, France\n  <\/p>\n\n<\/div>\n\t\t\t\t\t\t\t\t<\/div>\n\t\t\t\t<\/div>\n\t\t\t\t<\/div>\n\t\t\t\t\t<\/div>\n\t\t\t\t<\/div>\n\t\t\t\t<\/div>\n\t\t","protected":false},"excerpt":{"rendered":"<p>TERMS AND CONDITIONS OF USE 1. Website Overview The website mercatomastergame.com is published by the company Que des Bonnes Vibes, a simplified joint-stock company (SAS) with a share capital of \u20ac2,000, registered with the Trade and Companies Register of Pontoise under number 879 035 046, with its registered office at 4 Chemin des Cygnes, 95800 [&hellip;]<\/p>\n","protected":false},"author":1,"featured_media":0,"parent":0,"menu_order":0,"comment_status":"closed","ping_status":"closed","template":"","meta":{"footnotes":""},"class_list":["post-1845","page","type-page","status-publish","hentry"],"yoast_head":"<!-- This site is optimized with the Yoast SEO plugin v27.5 - https:\/\/yoast.com\/product\/yoast-seo-wordpress\/ -->\n<title>Mercato Master Game \u26bd Jeu de soci\u00e9t\u00e9 football | Officiel<\/title>\n<meta name=\"description\" content=\"D\u00e9couvrez Mercato Master Game, le jeu de soci\u00e9t\u00e9 100 % football ! D\u00e9fiez vos amis, vivez le mercato et remportez la victoire.\" \/>\n<meta name=\"robots\" content=\"noindex, follow\" \/>\n<meta property=\"og:locale\" content=\"en_US\" \/>\n<meta property=\"og:type\" content=\"article\" \/>\n<meta property=\"og:title\" content=\"Mercato Master Game \u26bd Jeu de soci\u00e9t\u00e9 football | Officiel\" \/>\n<meta property=\"og:description\" content=\"D\u00e9couvrez Mercato Master Game, le jeu de soci\u00e9t\u00e9 100 % football ! D\u00e9fiez vos amis, vivez le mercato et remportez la victoire.\" \/>\n<meta property=\"og:url\" content=\"https:\/\/mercatomastergame.com\/en\/terms-and-conditions-of-use\/\" \/>\n<meta property=\"og:site_name\" content=\"Mercato Master \u2013 The Game!\" \/>\n<meta property=\"article:modified_time\" content=\"2025-08-16T00:24:41+00:00\" \/>\n<meta property=\"og:image\" content=\"https:\/\/mercatomastergame.com\/wp-content\/uploads\/2025\/05\/Logonoir.png\" \/>\n\t<meta property=\"og:image:width\" content=\"1807\" \/>\n\t<meta property=\"og:image:height\" content=\"756\" \/>\n\t<meta property=\"og:image:type\" content=\"image\/png\" \/>\n<meta name=\"twitter:card\" content=\"summary_large_image\" \/>\n<meta name=\"twitter:label1\" content=\"Est. reading time\" \/>\n\t<meta name=\"twitter:data1\" content=\"2 minutes\" \/>\n<script type=\"application\/ld+json\" class=\"yoast-schema-graph\">{\"@context\":\"https:\\\/\\\/schema.org\",\"@graph\":[{\"@type\":\"WebPage\",\"@id\":\"https:\\\/\\\/mercatomastergame.com\\\/en\\\/terms-and-conditions-of-use\\\/\",\"url\":\"https:\\\/\\\/mercatomastergame.com\\\/en\\\/terms-and-conditions-of-use\\\/\",\"name\":\"Mercato Master Game \u26bd Jeu de soci\u00e9t\u00e9 football | Officiel\",\"isPartOf\":{\"@id\":\"https:\\\/\\\/mercatomastergame.com\\\/en\\\/#website\"},\"datePublished\":\"2025-05-04T15:48:13+00:00\",\"dateModified\":\"2025-08-16T00:24:41+00:00\",\"description\":\"D\u00e9couvrez Mercato Master Game, le jeu de soci\u00e9t\u00e9 100 % football ! D\u00e9fiez vos amis, vivez le mercato et remportez la victoire.\",\"breadcrumb\":{\"@id\":\"https:\\\/\\\/mercatomastergame.com\\\/en\\\/terms-and-conditions-of-use\\\/#breadcrumb\"},\"inLanguage\":\"en-US\",\"potentialAction\":[{\"@type\":\"ReadAction\",\"target\":[\"https:\\\/\\\/mercatomastergame.com\\\/en\\\/terms-and-conditions-of-use\\\/\"]}]},{\"@type\":\"BreadcrumbList\",\"@id\":\"https:\\\/\\\/mercatomastergame.com\\\/en\\\/terms-and-conditions-of-use\\\/#breadcrumb\",\"itemListElement\":[{\"@type\":\"ListItem\",\"position\":1,\"name\":\"Accueil\",\"item\":\"https:\\\/\\\/mercatomastergame.com\\\/en\\\/home\\\/\"},{\"@type\":\"ListItem\",\"position\":2,\"name\":\"Terms and Conditions of Use\"}]},{\"@type\":\"WebSite\",\"@id\":\"https:\\\/\\\/mercatomastergame.com\\\/en\\\/#website\",\"url\":\"https:\\\/\\\/mercatomastergame.com\\\/en\\\/\",\"name\":\"Mercato Master Game\",\"description\":\"\",\"publisher\":{\"@id\":\"https:\\\/\\\/mercatomastergame.com\\\/en\\\/#organization\"},\"alternateName\":\"Mercato Master\",\"potentialAction\":[{\"@type\":\"SearchAction\",\"target\":{\"@type\":\"EntryPoint\",\"urlTemplate\":\"https:\\\/\\\/mercatomastergame.com\\\/en\\\/?s={search_term_string}\"},\"query-input\":{\"@type\":\"PropertyValueSpecification\",\"valueRequired\":true,\"valueName\":\"search_term_string\"}}],\"inLanguage\":\"en-US\"},{\"@type\":\"Organization\",\"@id\":\"https:\\\/\\\/mercatomastergame.com\\\/en\\\/#organization\",\"name\":\"Mercato Master Game\",\"url\":\"https:\\\/\\\/mercatomastergame.com\\\/en\\\/\",\"logo\":{\"@type\":\"ImageObject\",\"inLanguage\":\"en-US\",\"@id\":\"https:\\\/\\\/mercatomastergame.com\\\/en\\\/#\\\/schema\\\/logo\\\/image\\\/\",\"url\":\"https:\\\/\\\/mercatomastergame.com\\\/wp-content\\\/uploads\\\/2025\\\/05\\\/Logonoir.png\",\"contentUrl\":\"https:\\\/\\\/mercatomastergame.com\\\/wp-content\\\/uploads\\\/2025\\\/05\\\/Logonoir.png\",\"width\":1807,\"height\":756,\"caption\":\"Mercato Master Game\"},\"image\":{\"@id\":\"https:\\\/\\\/mercatomastergame.com\\\/en\\\/#\\\/schema\\\/logo\\\/image\\\/\"}}]}<\/script>\n<!-- \/ Yoast SEO plugin. -->","yoast_head_json":{"title":"Mercato Master Game \u26bd Jeu de soci\u00e9t\u00e9 football | Officiel","description":"D\u00e9couvrez Mercato Master Game, le jeu de soci\u00e9t\u00e9 100 % football ! D\u00e9fiez vos amis, vivez le mercato et remportez la victoire.","robots":{"index":"noindex","follow":"follow"},"og_locale":"en_US","og_type":"article","og_title":"Mercato Master Game \u26bd Jeu de soci\u00e9t\u00e9 football | Officiel","og_description":"D\u00e9couvrez Mercato Master Game, le jeu de soci\u00e9t\u00e9 100 % football ! D\u00e9fiez vos amis, vivez le mercato et remportez la victoire.","og_url":"https:\/\/mercatomastergame.com\/en\/terms-and-conditions-of-use\/","og_site_name":"Mercato Master \u2013 The Game!","article_modified_time":"2025-08-16T00:24:41+00:00","og_image":[{"width":1807,"height":756,"url":"https:\/\/mercatomastergame.com\/wp-content\/uploads\/2025\/05\/Logonoir.png","type":"image\/png"}],"twitter_card":"summary_large_image","twitter_misc":{"Est. reading time":"2 minutes"},"schema":{"@context":"https:\/\/schema.org","@graph":[{"@type":"WebPage","@id":"https:\/\/mercatomastergame.com\/en\/terms-and-conditions-of-use\/","url":"https:\/\/mercatomastergame.com\/en\/terms-and-conditions-of-use\/","name":"Mercato Master Game \u26bd Jeu de soci\u00e9t\u00e9 football | Officiel","isPartOf":{"@id":"https:\/\/mercatomastergame.com\/en\/#website"},"datePublished":"2025-05-04T15:48:13+00:00","dateModified":"2025-08-16T00:24:41+00:00","description":"D\u00e9couvrez Mercato Master Game, le jeu de soci\u00e9t\u00e9 100 % football ! D\u00e9fiez vos amis, vivez le mercato et remportez la victoire.","breadcrumb":{"@id":"https:\/\/mercatomastergame.com\/en\/terms-and-conditions-of-use\/#breadcrumb"},"inLanguage":"en-US","potentialAction":[{"@type":"ReadAction","target":["https:\/\/mercatomastergame.com\/en\/terms-and-conditions-of-use\/"]}]},{"@type":"BreadcrumbList","@id":"https:\/\/mercatomastergame.com\/en\/terms-and-conditions-of-use\/#breadcrumb","itemListElement":[{"@type":"ListItem","position":1,"name":"Accueil","item":"https:\/\/mercatomastergame.com\/en\/home\/"},{"@type":"ListItem","position":2,"name":"Terms and Conditions of Use"}]},{"@type":"WebSite","@id":"https:\/\/mercatomastergame.com\/en\/#website","url":"https:\/\/mercatomastergame.com\/en\/","name":"Mercato Master Game","description":"","publisher":{"@id":"https:\/\/mercatomastergame.com\/en\/#organization"},"alternateName":"Mercato Master","potentialAction":[{"@type":"SearchAction","target":{"@type":"EntryPoint","urlTemplate":"https:\/\/mercatomastergame.com\/en\/?s={search_term_string}"},"query-input":{"@type":"PropertyValueSpecification","valueRequired":true,"valueName":"search_term_string"}}],"inLanguage":"en-US"},{"@type":"Organization","@id":"https:\/\/mercatomastergame.com\/en\/#organization","name":"Mercato Master Game","url":"https:\/\/mercatomastergame.com\/en\/","logo":{"@type":"ImageObject","inLanguage":"en-US","@id":"https:\/\/mercatomastergame.com\/en\/#\/schema\/logo\/image\/","url":"https:\/\/mercatomastergame.com\/wp-content\/uploads\/2025\/05\/Logonoir.png","contentUrl":"https:\/\/mercatomastergame.com\/wp-content\/uploads\/2025\/05\/Logonoir.png","width":1807,"height":756,"caption":"Mercato Master Game"},"image":{"@id":"https:\/\/mercatomastergame.com\/en\/#\/schema\/logo\/image\/"}}]}},"_links":{"self":[{"href":"https:\/\/mercatomastergame.com\/en\/wp-json\/wp\/v2\/pages\/1845","targetHints":{"allow":["GET"]}}],"collection":[{"href":"https:\/\/mercatomastergame.com\/en\/wp-json\/wp\/v2\/pages"}],"about":[{"href":"https:\/\/mercatomastergame.com\/en\/wp-json\/wp\/v2\/types\/page"}],"author":[{"embeddable":true,"href":"https:\/\/mercatomastergame.com\/en\/wp-json\/wp\/v2\/users\/1"}],"replies":[{"embeddable":true,"href":"https:\/\/mercatomastergame.com\/en\/wp-json\/wp\/v2\/comments?post=1845"}],"version-history":[{"count":0,"href":"https:\/\/mercatomastergame.com\/en\/wp-json\/wp\/v2\/pages\/1845\/revisions"}],"wp:attachment":[{"href":"https:\/\/mercatomastergame.com\/en\/wp-json\/wp\/v2\/media?parent=1845"}],"curies":[{"name":"wp","href":"https:\/\/api.w.org\/{rel}","templated":true}]}}